{"id":10850,"date":"2026-01-13T17:07:01","date_gmt":"2026-01-13T20:07:01","guid":{"rendered":"https:\/\/gladiadoressup.com.br\/?post_type=product&#038;p=10850"},"modified":"2026-04-15T04:41:23","modified_gmt":"2026-04-15T07:41:23","slug":"trilha-no-vidigal","status":"publish","type":"product","link":"https:\/\/gladiadoressup.com.br\/es\/product\/trilha-no-vidigal\/","title":{"rendered":"Trilha no Vidigal"},"content":{"rendered":"<p>El Morro Dois Irm\u00e3os es una formaci\u00f3n rocosa en el barrio de Vidigal, R\u00edo de Janeiro. Su cima se encuentra a 533 metros sobre el nivel del mar y se puede acceder a ella mediante un sendero de 1,5 km.<\/p>\n<p>\ud83d\udcd1Especificaciones t\u00e9cnicas<br \/>\nDistancia: 3 km (ida y vuelta)<br \/>\nTiempo promedio de caminata: 2 horas (ida y vuelta)<br \/>\nTempo m\u00e9dio do passeio: 4 horas<\/p>\n<p>Incluido<br \/>\n\ud83d\udccc Orientaci\u00f3n<br \/>\n\ud83d\udccc Fotos y v\u00eddeos<\/p>\n<p>No incluido<br \/>\n\u25ab\ufe0fmoto t\u00e1xi &#8211; R$7,00<br \/>\n\u25ab\ufe0fTarifa de entrada al sendero \u2013 R$ 10,00<\/p>\n<p>Amanecer<br \/>\nHora de reuni\u00f3n: 3:00 am<br \/>\nCosto del recorrido: R$ 180,00<\/p>\n<p>Otras veces<br \/>\n08:00\/ 09:00\/ 10:00<br \/>\nCosto del recorrido: R$ 180,00<\/p>\n<p>Atardecer<br \/>\nHora de reuni\u00f3n: 15:00 horas<br \/>\nValor da trilha: R$159,00<\/p>\n<p>\ud83d\udcccPunto de encuentro<br \/>\nPlaza Vidigal<\/p>","protected":false},"excerpt":{"rendered":"<p>O morro 2 irm\u00e3os \u00e9 uma forma\u00e7\u00e3o rochosa no bairro do Vidigal, no Rio de Janeiro. Seu topo tem 533 metros de altitude acima do mar, podendo ser atingido por meio de uma trilha de 1,5 km de extens\u00e3o. \ud83d\udcd1Ficha t\u00e9cnica Dist\u00e2ncia: 3 km (ida e volta) Tempo m\u00e9dio de trilha: 2 horas (ida e volta) Tempo m\u00e9dio do passeio: 4 horas Incluso \ud83d\udccc Guiamento \ud83d\udccc Fotos e v\u00eddeos N\u00e3o incluso \u25ab\ufe0fmoto t\u00e1xi &#8211; R$7,00 \u25ab\ufe0ftaxa de entrada da trilha &#8211; R$10,00 Nascer do sol hor\u00e1rio de encontro: 3:00am Valor da trilha: R$180,00 Outros hor\u00e1rios 08:00\/ 09:00\/ 10:00 Valor da trilha: R$180,00 Por do sol hor\u00e1rio de encontro: 15:00h Valor da trilha: R$159,00 \ud83d\udcccPonto de encontro Pra\u00e7a do Vidigal<\/p>","protected":false},"featured_media":19458,"comment_status":"open","ping_status":"closed","template":"","meta":{"inline_featured_image":false},"product_brand":[],"product_cat":[36],"product_tag":[],"class_list":{"0":"post-10850","1":"product","2":"type-product","3":"status-publish","4":"has-post-thumbnail","6":"product_cat-trilha","8":"first","9":"instock","10":"virtual","11":"sold-individually","12":"purchasable","13":"product-type-booking"},"acf":[],"_links":{"self":[{"href":"https:\/\/gladiadoressup.com.br\/es\/wp-json\/wp\/v2\/product\/10850","targetHints":{"allow":["GET"]}}],"collection":[{"href":"https:\/\/gladiadoressup.com.br\/es\/wp-json\/wp\/v2\/product"}],"about":[{"href":"https:\/\/gladiadoressup.com.br\/es\/wp-json\/wp\/v2\/types\/product"}],"replies":[{"embeddable":true,"href":"https:\/\/gladiadoressup.com.br\/es\/wp-json\/wp\/v2\/comments?post=10850"}],"wp:featuredmedia":[{"embeddable":true,"href":"https:\/\/gladiadoressup.com.br\/es\/wp-json\/wp\/v2\/media\/19458"}],"wp:attachment":[{"href":"https:\/\/gladiadoressup.com.br\/es\/wp-json\/wp\/v2\/media?parent=10850"}],"wp:term":[{"taxonomy":"product_brand","embeddable":true,"href":"https:\/\/gladiadoressup.com.br\/es\/wp-json\/wp\/v2\/product_brand?post=10850"},{"taxonomy":"product_cat","embeddable":true,"href":"https:\/\/gladiadoressup.com.br\/es\/wp-json\/wp\/v2\/product_cat?post=10850"},{"taxonomy":"product_tag","embeddable":true,"href":"https:\/\/gladiadoressup.com.br\/es\/wp-json\/wp\/v2\/product_tag?post=10850"}],"curies":[{"name":"wp","href":"https:\/\/api.w.org\/{rel}","templated":true}]}}